{"id":1105,"date":"2026-04-01T13:49:53","date_gmt":"2026-04-01T13:49:53","guid":{"rendered":"https:\/\/soelvkaelderen.dk\/exhibitions-culture-and-knowledge-about-silver\/"},"modified":"2026-04-30T08:42:37","modified_gmt":"2026-04-30T08:42:37","slug":"exhibitions-culture-and-knowledge-about-silver","status":"publish","type":"page","link":"https:\/\/soelvkaelderen.dk\/en\/exhibitions-culture-and-knowledge-about-silver\/","title":{"rendered":"Exhibitions \u2013 culture and knowledge about silver"},"content":{"rendered":"","protected":false},"excerpt":{"rendered":"","protected":false},"author":1,"featured_media":0,"parent":0,"menu_order":0,"comment_status":"closed","ping_status":"closed","template":"","meta":{"_acf_changed":false,"footnotes":""},"class_list":["post-1105","page","type-page","status-publish","hentry"],"acf":[],"yoast_head":"<!-- This site is optimized with the Yoast SEO plugin v27.6 - https:\/\/yoast.com\/product\/yoast-seo-wordpress\/ -->\n<title>Exhibitions \u2013 culture and knowledge about silver - S\u00f8lvk\u00e6lderen<\/title>\n<meta name=\"description\" content=\"Since 2022, S\u00f8lvk\u00e6lderen has participated in exhibitions, as the company\u2019s permanent collection is Denmark\u2019s largest available for sale\u2014and therefore also potentially available for loan.\" \/>\n<meta name=\"robots\" content=\"index, follow, max-snippet:-1, max-image-preview:large, max-video-preview:-1\" \/>\n<link rel=\"canonical\" href=\"https:\/\/soelvkaelderen.dk\/en\/exhibitions-culture-and-knowledge-about-silver\/\" \/>\n<meta property=\"og:locale\" content=\"en_US\" \/>\n<meta property=\"og:type\" content=\"article\" \/>\n<meta property=\"og:title\" content=\"Exhibitions \u2013 culture and knowledge about silver - S\u00f8lvk\u00e6lderen\" \/>\n<meta property=\"og:description\" content=\"Since 2022, S\u00f8lvk\u00e6lderen has participated in exhibitions, as the company\u2019s permanent collection is Denmark\u2019s largest available for sale\u2014and therefore also potentially available for loan.\" \/>\n<meta property=\"og:url\" content=\"https:\/\/soelvkaelderen.dk\/en\/exhibitions-culture-and-knowledge-about-silver\/\" \/>\n<meta property=\"og:site_name\" content=\"S\u00f8lvk\u00e6lderen\" \/>\n<meta property=\"article:publisher\" content=\"https:\/\/www.facebook.com\/profile.php?id=61585540885479\" \/>\n<meta property=\"article:modified_time\" content=\"2026-04-30T08:42:37+00:00\" \/>\n<meta property=\"og:image\" content=\"https:\/\/soelvkaelderen.dk\/wp-content\/uploads\/2026\/03\/soelvkaelderen_1.webp\" \/>\n\t<meta property=\"og:image:width\" content=\"2500\" \/>\n\t<meta property=\"og:image:height\" content=\"1667\" \/>\n\t<meta property=\"og:image:type\" content=\"image\/webp\" \/>\n<meta name=\"twitter:card\" content=\"summary_large_image\" \/>\n<script type=\"application\/ld+json\" class=\"yoast-schema-graph\">{\"@context\":\"https:\\\/\\\/schema.org\",\"@graph\":[{\"@type\":\"WebPage\",\"@id\":\"https:\\\/\\\/soelvkaelderen.dk\\\/en\\\/exhibitions-culture-and-knowledge-about-silver\\\/\",\"url\":\"https:\\\/\\\/soelvkaelderen.dk\\\/en\\\/exhibitions-culture-and-knowledge-about-silver\\\/\",\"name\":\"Exhibitions \u2013 culture and knowledge about silver - S\u00f8lvk\u00e6lderen\",\"isPartOf\":{\"@id\":\"https:\\\/\\\/soelvkaelderen.dk\\\/en\\\/#website\"},\"datePublished\":\"2026-04-01T13:49:53+00:00\",\"dateModified\":\"2026-04-30T08:42:37+00:00\",\"description\":\"Since 2022, S\u00f8lvk\u00e6lderen has participated in exhibitions, as the company\u2019s permanent collection is Denmark\u2019s largest available for sale\u2014and therefore also potentially available for loan.\",\"breadcrumb\":{\"@id\":\"https:\\\/\\\/soelvkaelderen.dk\\\/en\\\/exhibitions-culture-and-knowledge-about-silver\\\/#breadcrumb\"},\"inLanguage\":\"en-US\",\"potentialAction\":[{\"@type\":\"ReadAction\",\"target\":[\"https:\\\/\\\/soelvkaelderen.dk\\\/en\\\/exhibitions-culture-and-knowledge-about-silver\\\/\"]}]},{\"@type\":\"BreadcrumbList\",\"@id\":\"https:\\\/\\\/soelvkaelderen.dk\\\/en\\\/exhibitions-culture-and-knowledge-about-silver\\\/#breadcrumb\",\"itemListElement\":[{\"@type\":\"ListItem\",\"position\":1,\"name\":\"Home\",\"item\":\"https:\\\/\\\/soelvkaelderen.dk\\\/en\\\/welcome\\\/\"},{\"@type\":\"ListItem\",\"position\":2,\"name\":\"Exhibitions \u2013 culture and knowledge about silver\"}]},{\"@type\":\"WebSite\",\"@id\":\"https:\\\/\\\/soelvkaelderen.dk\\\/en\\\/#website\",\"url\":\"https:\\\/\\\/soelvkaelderen.dk\\\/en\\\/\",\"name\":\"S\u00f8lvk\u00e6lderen\",\"description\":\"\",\"publisher\":{\"@id\":\"https:\\\/\\\/soelvkaelderen.dk\\\/en\\\/#organization\"},\"potentialAction\":[{\"@type\":\"SearchAction\",\"target\":{\"@type\":\"EntryPoint\",\"urlTemplate\":\"https:\\\/\\\/soelvkaelderen.dk\\\/en\\\/?s={search_term_string}\"},\"query-input\":{\"@type\":\"PropertyValueSpecification\",\"valueRequired\":true,\"valueName\":\"search_term_string\"}}],\"inLanguage\":\"en-US\"},{\"@type\":\"Organization\",\"@id\":\"https:\\\/\\\/soelvkaelderen.dk\\\/en\\\/#organization\",\"name\":\"S\u00f8lvk\u00e6lderen\",\"url\":\"https:\\\/\\\/soelvkaelderen.dk\\\/en\\\/\",\"logo\":{\"@type\":\"ImageObject\",\"inLanguage\":\"en-US\",\"@id\":\"https:\\\/\\\/soelvkaelderen.dk\\\/en\\\/#\\\/schema\\\/logo\\\/image\\\/\",\"url\":\"https:\\\/\\\/soelvkaelderen.dk\\\/wp-content\\\/uploads\\\/2026\\\/03\\\/logo.svg\",\"contentUrl\":\"https:\\\/\\\/soelvkaelderen.dk\\\/wp-content\\\/uploads\\\/2026\\\/03\\\/logo.svg\",\"caption\":\"S\u00f8lvk\u00e6lderen\"},\"image\":{\"@id\":\"https:\\\/\\\/soelvkaelderen.dk\\\/en\\\/#\\\/schema\\\/logo\\\/image\\\/\"},\"sameAs\":[\"https:\\\/\\\/www.facebook.com\\\/profile.php?id=61585540885479\",\"https:\\\/\\\/www.instagram.com\\\/soelvkaelderen\\\/\"]}]}<\/script>\n<!-- \/ Yoast SEO plugin. -->","yoast_head_json":{"title":"Exhibitions \u2013 culture and knowledge about silver - S\u00f8lvk\u00e6lderen","description":"Since 2022, S\u00f8lvk\u00e6lderen has participated in exhibitions, as the company\u2019s permanent collection is Denmark\u2019s largest available for sale\u2014and therefore also potentially available for loan.","robots":{"index":"index","follow":"follow","max-snippet":"max-snippet:-1","max-image-preview":"max-image-preview:large","max-video-preview":"max-video-preview:-1"},"canonical":"https:\/\/soelvkaelderen.dk\/en\/exhibitions-culture-and-knowledge-about-silver\/","og_locale":"en_US","og_type":"article","og_title":"Exhibitions \u2013 culture and knowledge about silver - S\u00f8lvk\u00e6lderen","og_description":"Since 2022, S\u00f8lvk\u00e6lderen has participated in exhibitions, as the company\u2019s permanent collection is Denmark\u2019s largest available for sale\u2014and therefore also potentially available for loan.","og_url":"https:\/\/soelvkaelderen.dk\/en\/exhibitions-culture-and-knowledge-about-silver\/","og_site_name":"S\u00f8lvk\u00e6lderen","article_publisher":"https:\/\/www.facebook.com\/profile.php?id=61585540885479","article_modified_time":"2026-04-30T08:42:37+00:00","og_image":[{"width":2500,"height":1667,"url":"https:\/\/soelvkaelderen.dk\/wp-content\/uploads\/2026\/03\/soelvkaelderen_1.webp","type":"image\/webp"}],"twitter_card":"summary_large_image","schema":{"@context":"https:\/\/schema.org","@graph":[{"@type":"WebPage","@id":"https:\/\/soelvkaelderen.dk\/en\/exhibitions-culture-and-knowledge-about-silver\/","url":"https:\/\/soelvkaelderen.dk\/en\/exhibitions-culture-and-knowledge-about-silver\/","name":"Exhibitions \u2013 culture and knowledge about silver - S\u00f8lvk\u00e6lderen","isPartOf":{"@id":"https:\/\/soelvkaelderen.dk\/en\/#website"},"datePublished":"2026-04-01T13:49:53+00:00","dateModified":"2026-04-30T08:42:37+00:00","description":"Since 2022, S\u00f8lvk\u00e6lderen has participated in exhibitions, as the company\u2019s permanent collection is Denmark\u2019s largest available for sale\u2014and therefore also potentially available for loan.","breadcrumb":{"@id":"https:\/\/soelvkaelderen.dk\/en\/exhibitions-culture-and-knowledge-about-silver\/#breadcrumb"},"inLanguage":"en-US","potentialAction":[{"@type":"ReadAction","target":["https:\/\/soelvkaelderen.dk\/en\/exhibitions-culture-and-knowledge-about-silver\/"]}]},{"@type":"BreadcrumbList","@id":"https:\/\/soelvkaelderen.dk\/en\/exhibitions-culture-and-knowledge-about-silver\/#breadcrumb","itemListElement":[{"@type":"ListItem","position":1,"name":"Home","item":"https:\/\/soelvkaelderen.dk\/en\/welcome\/"},{"@type":"ListItem","position":2,"name":"Exhibitions \u2013 culture and knowledge about silver"}]},{"@type":"WebSite","@id":"https:\/\/soelvkaelderen.dk\/en\/#website","url":"https:\/\/soelvkaelderen.dk\/en\/","name":"S\u00f8lvk\u00e6lderen","description":"","publisher":{"@id":"https:\/\/soelvkaelderen.dk\/en\/#organization"},"potentialAction":[{"@type":"SearchAction","target":{"@type":"EntryPoint","urlTemplate":"https:\/\/soelvkaelderen.dk\/en\/?s={search_term_string}"},"query-input":{"@type":"PropertyValueSpecification","valueRequired":true,"valueName":"search_term_string"}}],"inLanguage":"en-US"},{"@type":"Organization","@id":"https:\/\/soelvkaelderen.dk\/en\/#organization","name":"S\u00f8lvk\u00e6lderen","url":"https:\/\/soelvkaelderen.dk\/en\/","logo":{"@type":"ImageObject","inLanguage":"en-US","@id":"https:\/\/soelvkaelderen.dk\/en\/#\/schema\/logo\/image\/","url":"https:\/\/soelvkaelderen.dk\/wp-content\/uploads\/2026\/03\/logo.svg","contentUrl":"https:\/\/soelvkaelderen.dk\/wp-content\/uploads\/2026\/03\/logo.svg","caption":"S\u00f8lvk\u00e6lderen"},"image":{"@id":"https:\/\/soelvkaelderen.dk\/en\/#\/schema\/logo\/image\/"},"sameAs":["https:\/\/www.facebook.com\/profile.php?id=61585540885479","https:\/\/www.instagram.com\/soelvkaelderen\/"]}]}},"_links":{"self":[{"href":"https:\/\/soelvkaelderen.dk\/en\/wp-json\/wp\/v2\/pages\/1105","targetHints":{"allow":["GET"]}}],"collection":[{"href":"https:\/\/soelvkaelderen.dk\/en\/wp-json\/wp\/v2\/pages"}],"about":[{"href":"https:\/\/soelvkaelderen.dk\/en\/wp-json\/wp\/v2\/types\/page"}],"author":[{"embeddable":true,"href":"https:\/\/soelvkaelderen.dk\/en\/wp-json\/wp\/v2\/users\/1"}],"replies":[{"embeddable":true,"href":"https:\/\/soelvkaelderen.dk\/en\/wp-json\/wp\/v2\/comments?post=1105"}],"version-history":[{"count":1,"href":"https:\/\/soelvkaelderen.dk\/en\/wp-json\/wp\/v2\/pages\/1105\/revisions"}],"predecessor-version":[{"id":1185,"href":"https:\/\/soelvkaelderen.dk\/en\/wp-json\/wp\/v2\/pages\/1105\/revisions\/1185"}],"wp:attachment":[{"href":"https:\/\/soelvkaelderen.dk\/en\/wp-json\/wp\/v2\/media?parent=1105"}],"curies":[{"name":"wp","href":"https:\/\/api.w.org\/{rel}","templated":true}]}}